{"id":137,"date":"2015-06-16T07:18:09","date_gmt":"2015-06-16T07:18:09","guid":{"rendered":"http:\/\/allombradelsughero.com\/?page_id=137"},"modified":"2015-06-30T07:33:41","modified_gmt":"2015-06-30T07:33:41","slug":"struttura","status":"publish","type":"page","link":"https:\/\/allombradelsughero.com\/it\/struttura\/","title":{"rendered":"Struttura"},"content":{"rendered":"<p>L\u2019agriturismo\/residence All\u2019Ombra Del Sughero \u00e8 situato in Contrada Cimarella, 11 nel Comune di Macerata, su una tipica zona collinare della campagna marchigiana, caratterizzata da campi coltivati, vigneti, uliveti e boschetti ricchi di alberature, cespugli e vegetazione spontanea di varie specie, tipiche del centro Italia. La denominazione della struttura deriva dalla presenza di una bellissima secolare quercia da sughero (quercus suber o SUGHERA) all\u2019interno della propria corte. La residenza agrituristica All\u2019Ombra Del Sughero \u00e8 l\u2019ideale per trascorrere una vacanza distensiva, in perfetta armonia con la natura circostante, dove potrete usufruire di tutti i comfort disponibili all\u2019interno del complesso. <\/p>\n<p><img loading=\"lazy\" decoding=\"async\" src=\"http:\/\/allombradelsughero.com\/wp-content\/uploads\/2015\/06\/prima-dopo.png\" alt=\"prima-dopo\" width=\"500\" height=\"521\" class=\"alignleft size-full wp-image-326\" srcset=\"https:\/\/allombradelsughero.com\/wp-content\/uploads\/2015\/06\/prima-dopo.png 800w, https:\/\/allombradelsughero.com\/wp-content\/uploads\/2015\/06\/prima-dopo-288x300.png 288w\" sizes=\"auto, (max-width: 500px) 100vw, 500px\" \/><\/p>\n<p>Una passeggiata nel giardino e vi troverete avvolti dai profumi della campagna e apprezzare un clima sempre piacevole in tutte le stagioni. Il silenzio e la pace fanno da scenario ad un fantastico panorama collinare con vedute e scorci di dolci rilievi che sembrano rincorrersi fino al mare. Adulti e bambini potranno utilizzare la piscina immersa nel verde dove distendersi ai raggi solari o rilassarsi nella zona idromassaggio riservata in vasca. Per gli amanti delle escursioni, della cultura e della gastronomia \u00e8 possibile raggiungere (anche con le biciclette messe a disposizione), caratteristici luoghi e paesini limitrofi, come le adiacenti rovine di Helvia Recina o la vicina Montecassiano, o altri importanti punti di interesse, meta di manifestazioni, eventi culturali anche a carattere enogastronomico. Tra gli innumerevoli luoghi del paesaggio naturale e del patrimonio storico-artistico presenti nelle Marche ricordiamo solamente alcuni esempi quali: la citt\u00e0 di Recanati e i luoghi di Giacomo Leopardi, lo Sferisterio di Macerata con la sua Stagione Lirica, la Basilica di Loreto con la Santa Casa, il parco dei Sibillini, il parco del Conero, le Grotte di Frasassi, la riserva naturale dell\u2019abbazia di Fiastra, il parco archeologico di Urbisaglia ed il suo teatro romano, Urbino, Ascoli Piceno, Ancona, etc. La posizione della struttura agrituristica consente inoltre di raggiungere in meno di mezz\u2019ora sia le spiagge della costa marchigiana che alcune delle pi\u00f9 suggestive mete dell\u2019Appennino Centrale.<\/p>\n<p><strong>La storia:<\/strong><\/p>\n<p>L\u2019edificio, oggetto dei lavori di risanamento e restauro conservativo completati nel Giugno 2015 risale agli anni precedenti il 1892\/95. E\u2019 costituito da 2 porzioni contigue di cui una di maggior pregio architettonico, originariamente destinata a Villa o casa Padronale, definita anche \u201cCasino Bianchini\u201d e la restante parte quale casa colonica. In epoche successive alla sua costruzione sono stati aggiunti volumi impropri (superfetazioni) e corpi accessori indipendenti destinati al ricovero di animali ed attrezzi. Per molti anni, l\u2019edificio \u00e8 rimasto inutilizzato ed abbandonato, fino a quando una volta acquisito dall\u2019Azienda Agricola \u201cLe Molinette\u201d, nel 2010 sono iniziati gli interventi di recupero finalizzati a restituire le sue originarie caratteristiche. All\u2019interno della corte si rileva la presenza di una quercia secolare (quercus suber) meglio conosciuta come \u201csughera\u201d, una specie particolarmente rara nella nostra Regione. Il tronco \u00e8 caratterizzato da una spessa corteccia, con rami irregolari che formano una chioma ampia (di larghezza superiore a 15 metri), ricca di foglie di colore verde cupo. Il frutto \u00e8 la tipica ghianda con la cupola di squame di colore grigio, ha un\u2019et\u00e0 di circa 160 anni.<\/p>\n<p><img loading=\"lazy\" decoding=\"async\" src=\"http:\/\/allombradelsughero.com\/wp-content\/uploads\/2015\/06\/primaedopo.png\" alt=\"primaedopo\" width=\"500\" height=\"521\" class=\"alignright size-full wp-image-331\" srcset=\"https:\/\/allombradelsughero.com\/wp-content\/uploads\/2015\/06\/primaedopo.png 800w, https:\/\/allombradelsughero.com\/wp-content\/uploads\/2015\/06\/primaedopo-288x300.png 288w\" sizes=\"auto, (max-width: 500px) 100vw, 500px\" \/><\/p>\n<p><strong>La struttura oggi:<\/strong><\/p>\n<p>La struttura agrituristica destinata all\u2019accoglienza \u00e8 composta da un corpo principale (originariamente Villa Padronale e Casa Colonica), oggetto di restauro conservativo, che si sviluppa su 3 piani (di cui uno sottotetto) e da 2 corpi indipendenti, completamente ristrutturati, posti lateralmente al piano terra, comprensivi di locali di servizio interrati, prevalentemente destinati a box auto coperti per gli ospiti. L\u2019insieme dei fabbricati, raggiungibile attraverso un viale alberato collegato alla Strada Statale 362 Jesina, risulta inserito all\u2019interno di un\u2019ampia corte sistemata a verde attrezzata con piscina e relativi servizi, esclusivamente destinata agli ospiti con adiacente un\u2019ampia area con giardino all\u2019inglese.<br \/>\nIl corpo principale comprende 8 unit\u00e0 abitative con ingresso autonomo, (di cui una predisposta per persone diversamente abili), oltre a 2 unit\u00e0 abitative mono piano indipendenti ricavate nei corpi laterali, uno dei quali comprendente la reception. Le 2 unit\u00e0 abitative poste al piano primo, all\u2019estremit\u00e0 del corpo principale, sono collegate mediante scala interna al piano sottotetto, in cui risultano ricavati ulteriori spazi comprensivi di bagno con doccia sul lato ovest e di bagno con doccia, vasca idromassaggio e sauna ad infrarossi per quanto attiene i lato est.<br \/>\nTutte le unit\u00e0 abitative sono dotate di climatizzazione estiva ed invernale autonoma, TV nella zona giorno e nella camera da letto, soggiorno con cucina fornita di stoviglie, completa di frigorifero, forno, piano di cottura ad induzione, lavastoviglie, (alcune unit\u00e0 sono anche dotate di lavatrice). La zona giorno di ciascuna unit\u00e0 completamente arredata dispone anche di un divano a 2 posti, che all\u2019occorrenza pu\u00f2 essere facilmente trasformato in letto. Dette unit\u00e0 sono servite da rete Wi-Fi interna ed esterna gratuita, estesa fino alla zona piscina.<br \/>\nLe unit\u00e0 abitative o appartamenti, risultano cos\u00ec individuate:<\/p>\n<p><strong>1.<\/strong> Appartamento <strong>OLMO<\/strong> posto al piano terra del corpo principale della superficie netta di mq 43, destinato al personale di servizio e di sorveglianza con presenza continuativa.<br \/>\n<strong>2.<\/strong> Appartamento <strong>ROVERE SUITE<\/strong>, posto al piano primo del corpo principale, della superficie utile di mq 40, costituito da Soggiorno con divano letto, Cucina, Camera matrimoniale e Bagno, oltre a mq 80 della zona sottotetto completa di ampio Bagno e Zona Relax.<br \/>\n<strong>3.<\/strong> Appartamento <strong>LECCIO<\/strong>, posto al piano primo del corpo principale della superficie utile di mq 48 costituito da Soggiorno con divano letto, Cucina, Camera matrimoniale e Bagno.<br \/>\n<strong>4.<\/strong> Appartamento <strong>ULIVO<\/strong>, posto al piano terra del corpo principale, della superficie utile di mq 46, costituito da Soggiorno con divano letto, Cucina, Camera matrimoniale e Bagno.<br \/>\n<strong>5.<\/strong> Appartamento <strong>GELSO<\/strong>, posto al piano terra del corpo principale, della superficie utile di mq 55, predisposto ed attrezzato per ospitare persone diversamente abili. L\u2019unit\u00e0 \u00e8 costituita da ampio Soggiorno con divano letto, Cucina, Camera matrimoniale e Bagno.<br \/>\n<strong>6.<\/strong> Appartamento <strong>NOCE<\/strong>, posto al piano primo del corpo principale, della superficie utile di mq 50, costituito da Soggiorno con divano letto, Cucina, Camera matrimoniale e bagno.<br \/>\n<strong>7.<\/strong> Appartamento <strong>SUGHERA SUITE PLUS<\/strong>, posto al piano primo del corpo principale, della superficie utile di mq 44 costituito da Soggiorno con divano letto, Cucina, Camera matrimoniale e Bagno, oltre a mq 73 della zona sottotetto completa zona relax, ampio Bagno con doccia, vasca idromassaggio e sauna infrarossi.<br \/>\n<strong>8.<\/strong> Appartamento <strong>CERRO<\/strong>, posto al piano terra del corpo principale, della superficie utile di mq 41 costituito da Soggiorno con divano letto, Cucina, Camera matrimoniale e Bagno.<br \/>\n<strong>9.<\/strong> Appartamento <strong>PLATANO<\/strong>, posto al piano terra del corpo laterale OVEST, della superficie utile di mq 60, costituito da Soggiorno con camino e divano letto, Cucina, Camera matrimoniale, Camera Singola e Bagno. L\u2019unit\u00e0 indipendente \u00e8 dotata di pergolato e di ampio lastrico attrezzato esterno.<br \/>\n<strong>10.<\/strong> Appartamento <strong>FAGGIO<\/strong>, posto al piano Terra del corpo laterale EST, della superficie utile di mq 70 costituito da ampio Soggiorno con camino e divano letto, Cucina, Camera matrimoniale, camera singola e bagno. L\u2019unit\u00e0 indipendente \u00e8 dotata di pergolato e di ampio lastrico attrezzato esterno.<\/p>\n<h4 class=\"galleryhead\">Photogallery<\/h4><div id=\"wpsimplegallery_container\"><ul id=\"wpsimplegallery\" class=\"clearfix\"><li><a href=\"https:\/\/allombradelsughero.com\/wp-content\/uploads\/2015\/06\/PA311660-MOD.jpg\" title=\"\" rel=\"wpsimplegallery_group_137\"><img loading=\"lazy\" decoding=\"async\" src=\"https:\/\/allombradelsughero.com\/wp-content\/plugins\/wp-simple-galleries\/timthumb.php?src=https:\/\/allombradelsughero.com\/wp-content\/uploads\/2015\/06\/PA311660-MOD.jpg&q=85&w=120&h=120\" width=\"120\" height=\"120\" alt=\"OLYMPUS DIGITAL CAMERA\" \/><\/a><\/li><li><a href=\"https:\/\/allombradelsughero.com\/wp-content\/uploads\/2015\/04\/DSC_7595.jpg\" title=\"\" rel=\"wpsimplegallery_group_137\"><img loading=\"lazy\" decoding=\"async\" src=\"https:\/\/allombradelsughero.com\/wp-content\/plugins\/wp-simple-galleries\/timthumb.php?src=https:\/\/allombradelsughero.com\/wp-content\/uploads\/2015\/04\/DSC_7595.jpg&q=85&w=120&h=120\" width=\"120\" height=\"120\" alt=\"DSC_7595\" \/><\/a><\/li><li><a href=\"https:\/\/allombradelsughero.com\/wp-content\/uploads\/2015\/06\/P5070218-MOD.jpg\" title=\"\" rel=\"wpsimplegallery_group_137\"><img loading=\"lazy\" decoding=\"async\" src=\"https:\/\/allombradelsughero.com\/wp-content\/plugins\/wp-simple-galleries\/timthumb.php?src=https:\/\/allombradelsughero.com\/wp-content\/uploads\/2015\/06\/P5070218-MOD.jpg&q=85&w=120&h=120\" width=\"120\" height=\"120\" alt=\"OLYMPUS DIGITAL CAMERA\" \/><\/a><\/li><li><a href=\"https:\/\/allombradelsughero.com\/wp-content\/uploads\/2015\/04\/DSC_0370.jpg\" title=\"\" rel=\"wpsimplegallery_group_137\"><img loading=\"lazy\" decoding=\"async\" src=\"https:\/\/allombradelsughero.com\/wp-content\/plugins\/wp-simple-galleries\/timthumb.php?src=https:\/\/allombradelsughero.com\/wp-content\/uploads\/2015\/04\/DSC_0370.jpg&q=85&w=120&h=120\" width=\"120\" height=\"120\" alt=\"DSC_0370\" \/><\/a><\/li><li><a href=\"https:\/\/allombradelsughero.com\/wp-content\/uploads\/2015\/06\/PA311658-MOD.jpg\" title=\"\" rel=\"wpsimplegallery_group_137\"><img loading=\"lazy\" decoding=\"async\" src=\"https:\/\/allombradelsughero.com\/wp-content\/plugins\/wp-simple-galleries\/timthumb.php?src=https:\/\/allombradelsughero.com\/wp-content\/uploads\/2015\/06\/PA311658-MOD.jpg&q=85&w=120&h=120\" width=\"120\" height=\"120\" alt=\"OLYMPUS DIGITAL CAMERA\" \/><\/a><\/li><li><a href=\"https:\/\/allombradelsughero.com\/wp-content\/uploads\/2015\/04\/DSC_0391.jpg\" title=\"\" rel=\"wpsimplegallery_group_137\"><img loading=\"lazy\" decoding=\"async\" src=\"https:\/\/allombradelsughero.com\/wp-content\/plugins\/wp-simple-galleries\/timthumb.php?src=https:\/\/allombradelsughero.com\/wp-content\/uploads\/2015\/04\/DSC_0391.jpg&q=85&w=120&h=120\" width=\"120\" height=\"120\" alt=\"DSC_0391\" \/><\/a><\/li><li><a href=\"https:\/\/allombradelsughero.com\/wp-content\/uploads\/2015\/06\/PA311652-MOD.jpg\" title=\"\" rel=\"wpsimplegallery_group_137\"><img loading=\"lazy\" decoding=\"async\" src=\"https:\/\/allombradelsughero.com\/wp-content\/plugins\/wp-simple-galleries\/timthumb.php?src=https:\/\/allombradelsughero.com\/wp-content\/uploads\/2015\/06\/PA311652-MOD.jpg&q=85&w=120&h=120\" width=\"120\" height=\"120\" alt=\"OLYMPUS DIGITAL CAMERA\" \/><\/a><\/li><li><a href=\"https:\/\/allombradelsughero.com\/wp-content\/uploads\/2015\/04\/DSC_0350.jpg\" title=\"\" rel=\"wpsimplegallery_group_137\"><img loading=\"lazy\" decoding=\"async\" src=\"https:\/\/allombradelsughero.com\/wp-content\/plugins\/wp-simple-galleries\/timthumb.php?src=https:\/\/allombradelsughero.com\/wp-content\/uploads\/2015\/04\/DSC_0350.jpg&q=85&w=120&h=120\" width=\"120\" height=\"120\" alt=\"DSC_0350\" \/><\/a><\/li><li><a href=\"https:\/\/allombradelsughero.com\/wp-content\/uploads\/2015\/06\/P5070173-MOD.jpg\" title=\"\" rel=\"wpsimplegallery_group_137\"><img loading=\"lazy\" decoding=\"async\" src=\"https:\/\/allombradelsughero.com\/wp-content\/plugins\/wp-simple-galleries\/timthumb.php?src=https:\/\/allombradelsughero.com\/wp-content\/uploads\/2015\/06\/P5070173-MOD.jpg&q=85&w=120&h=120\" width=\"120\" height=\"120\" alt=\"OLYMPUS DIGITAL CAMERA\" \/><\/a><\/li><li><a href=\"https:\/\/allombradelsughero.com\/wp-content\/uploads\/2015\/05\/DSC_0279.jpg\" title=\"\" rel=\"wpsimplegallery_group_137\"><img loading=\"lazy\" decoding=\"async\" src=\"https:\/\/allombradelsughero.com\/wp-content\/plugins\/wp-simple-galleries\/timthumb.php?src=https:\/\/allombradelsughero.com\/wp-content\/uploads\/2015\/05\/DSC_0279.jpg&q=85&w=120&h=120\" width=\"120\" height=\"120\" alt=\"DSC_0279\" \/><\/a><\/li><li><a href=\"https:\/\/allombradelsughero.com\/wp-content\/uploads\/2015\/06\/P5070160-MOD.jpg\" title=\"\" rel=\"wpsimplegallery_group_137\"><img loading=\"lazy\" decoding=\"async\" src=\"https:\/\/allombradelsughero.com\/wp-content\/plugins\/wp-simple-galleries\/timthumb.php?src=https:\/\/allombradelsughero.com\/wp-content\/uploads\/2015\/06\/P5070160-MOD.jpg&q=85&w=120&h=120\" width=\"120\" height=\"120\" alt=\"OLYMPUS DIGITAL CAMERA\" \/><\/a><\/li><li><a href=\"https:\/\/allombradelsughero.com\/wp-content\/uploads\/2015\/05\/DSC_0377.jpg\" title=\"\" rel=\"wpsimplegallery_group_137\"><img loading=\"lazy\" decoding=\"async\" src=\"https:\/\/allombradelsughero.com\/wp-content\/plugins\/wp-simple-galleries\/timthumb.php?src=https:\/\/allombradelsughero.com\/wp-content\/uploads\/2015\/05\/DSC_0377.jpg&q=85&w=120&h=120\" width=\"120\" height=\"120\" alt=\"DSC_0377\" \/><\/a><\/li><li><a href=\"https:\/\/allombradelsughero.com\/wp-content\/uploads\/2015\/06\/P5070182-MOD.jpg\" title=\"\" rel=\"wpsimplegallery_group_137\"><img loading=\"lazy\" decoding=\"async\" src=\"https:\/\/allombradelsughero.com\/wp-content\/plugins\/wp-simple-galleries\/timthumb.php?src=https:\/\/allombradelsughero.com\/wp-content\/uploads\/2015\/06\/P5070182-MOD.jpg&q=85&w=120&h=120\" width=\"120\" height=\"120\" alt=\"OLYMPUS DIGITAL CAMERA\" \/><\/a><\/li><li><a href=\"https:\/\/allombradelsughero.com\/wp-content\/uploads\/2015\/06\/DSC_0186.jpg\" title=\"\" rel=\"wpsimplegallery_group_137\"><img loading=\"lazy\" decoding=\"async\" src=\"https:\/\/allombradelsughero.com\/wp-content\/plugins\/wp-simple-galleries\/timthumb.php?src=https:\/\/allombradelsughero.com\/wp-content\/uploads\/2015\/06\/DSC_0186.jpg&q=85&w=120&h=120\" width=\"120\" height=\"120\" alt=\"DSC_0186\" \/><\/a><\/li><li><a href=\"https:\/\/allombradelsughero.com\/wp-content\/uploads\/2015\/06\/P1010688-MOD.jpg\" title=\"\" rel=\"wpsimplegallery_group_137\"><img loading=\"lazy\" decoding=\"async\" src=\"https:\/\/allombradelsughero.com\/wp-content\/plugins\/wp-simple-galleries\/timthumb.php?src=https:\/\/allombradelsughero.com\/wp-content\/uploads\/2015\/06\/P1010688-MOD.jpg&q=85&w=120&h=120\" width=\"120\" height=\"120\" alt=\"P1010688 MOD\" \/><\/a><\/li><li><a href=\"https:\/\/allombradelsughero.com\/wp-content\/uploads\/2015\/06\/DSC_0329.jpg\" title=\"\" rel=\"wpsimplegallery_group_137\"><img loading=\"lazy\" decoding=\"async\" src=\"https:\/\/allombradelsughero.com\/wp-content\/plugins\/wp-simple-galleries\/timthumb.php?src=https:\/\/allombradelsughero.com\/wp-content\/uploads\/2015\/06\/DSC_0329.jpg&q=85&w=120&h=120\" width=\"120\" height=\"120\" alt=\"DSC_0329\" \/><\/a><\/li><li><a href=\"https:\/\/allombradelsughero.com\/wp-content\/uploads\/2015\/06\/P1010692-MOD.jpg\" title=\"\" rel=\"wpsimplegallery_group_137\"><img loading=\"lazy\" decoding=\"async\" src=\"https:\/\/allombradelsughero.com\/wp-content\/plugins\/wp-simple-galleries\/timthumb.php?src=https:\/\/allombradelsughero.com\/wp-content\/uploads\/2015\/06\/P1010692-MOD.jpg&q=85&w=120&h=120\" width=\"120\" height=\"120\" alt=\"P1010692 MOD\" \/><\/a><\/li><li><a href=\"https:\/\/allombradelsughero.com\/wp-content\/uploads\/2015\/06\/DSC_0368.jpg\" title=\"\" rel=\"wpsimplegallery_group_137\"><img loading=\"lazy\" decoding=\"async\" src=\"https:\/\/allombradelsughero.com\/wp-content\/plugins\/wp-simple-galleries\/timthumb.php?src=https:\/\/allombradelsughero.com\/wp-content\/uploads\/2015\/06\/DSC_0368.jpg&q=85&w=120&h=120\" width=\"120\" height=\"120\" alt=\"DSC_0368\" \/><\/a><\/li><li><a href=\"https:\/\/allombradelsughero.com\/wp-content\/uploads\/2015\/06\/P5070189-MOD.jpg\" title=\"\" rel=\"wpsimplegallery_group_137\"><img loading=\"lazy\" decoding=\"async\" src=\"https:\/\/allombradelsughero.com\/wp-content\/plugins\/wp-simple-galleries\/timthumb.php?src=https:\/\/allombradelsughero.com\/wp-content\/uploads\/2015\/06\/P5070189-MOD.jpg&q=85&w=120&h=120\" width=\"120\" height=\"120\" alt=\"OLYMPUS DIGITAL CAMERA\" \/><\/a><\/li><li><a href=\"https:\/\/allombradelsughero.com\/wp-content\/uploads\/2015\/06\/DSC_0226.jpg\" title=\"\" rel=\"wpsimplegallery_group_137\"><img loading=\"lazy\" decoding=\"async\" src=\"https:\/\/allombradelsughero.com\/wp-content\/plugins\/wp-simple-galleries\/timthumb.php?src=https:\/\/allombradelsughero.com\/wp-content\/uploads\/2015\/06\/DSC_0226.jpg&q=85&w=120&h=120\" width=\"120\" height=\"120\" alt=\"DSC_0226\" \/><\/a><\/li><li><a href=\"https:\/\/allombradelsughero.com\/wp-content\/uploads\/2015\/06\/P5070208-MOD.jpg\" title=\"\" rel=\"wpsimplegallery_group_137\"><img loading=\"lazy\" decoding=\"async\" src=\"https:\/\/allombradelsughero.com\/wp-content\/plugins\/wp-simple-galleries\/timthumb.php?src=https:\/\/allombradelsughero.com\/wp-content\/uploads\/2015\/06\/P5070208-MOD.jpg&q=85&w=120&h=120\" width=\"120\" height=\"120\" alt=\"OLYMPUS DIGITAL CAMERA\" \/><\/a><\/li><li><a href=\"https:\/\/allombradelsughero.com\/wp-content\/uploads\/2015\/05\/DSC_0382.jpg\" title=\"\" rel=\"wpsimplegallery_group_137\"><img loading=\"lazy\" decoding=\"async\" src=\"https:\/\/allombradelsughero.com\/wp-content\/plugins\/wp-simple-galleries\/timthumb.php?src=https:\/\/allombradelsughero.com\/wp-content\/uploads\/2015\/05\/DSC_0382.jpg&q=85&w=120&h=120\" width=\"120\" height=\"120\" alt=\"DSC_0382\" \/><\/a><\/li><li><a href=\"https:\/\/allombradelsughero.com\/wp-content\/uploads\/2015\/06\/DSC_0191.jpg\" title=\"\" rel=\"wpsimplegallery_group_137\"><img loading=\"lazy\" decoding=\"async\" src=\"https:\/\/allombradelsughero.com\/wp-content\/plugins\/wp-simple-galleries\/timthumb.php?src=https:\/\/allombradelsughero.com\/wp-content\/uploads\/2015\/06\/DSC_0191.jpg&q=85&w=120&h=120\" width=\"120\" height=\"120\" alt=\"DSC_0191\" \/><\/a><\/li><li><a href=\"https:\/\/allombradelsughero.com\/wp-content\/uploads\/2015\/06\/DSC_0224.jpg\" title=\"\" rel=\"wpsimplegallery_group_137\"><img loading=\"lazy\" decoding=\"async\" src=\"https:\/\/allombradelsughero.com\/wp-content\/plugins\/wp-simple-galleries\/timthumb.php?src=https:\/\/allombradelsughero.com\/wp-content\/uploads\/2015\/06\/DSC_0224.jpg&q=85&w=120&h=120\" width=\"120\" height=\"120\" alt=\"DSC_0224\" \/><\/a><\/li><\/ul><\/div>","protected":false},"excerpt":{"rendered":"<p>L\u2019agriturismo\/residence All\u2019Ombra Del Sughero \u00e8 situato in Contrada Cimarella, 11 nel Comune di Macerata, su una tipica zona collinare della campagna marchigiana, caratterizzata da campi coltivati, vigneti, uliveti e boschetti&#8230;<\/p>\n","protected":false},"author":1,"featured_media":195,"parent":0,"menu_order":0,"comment_status":"open","ping_status":"open","template":"","meta":{"footnotes":""},"class_list":["post-137","page","type-page","status-publish","has-post-thumbnail","hentry"],"_links":{"self":[{"href":"https:\/\/allombradelsughero.com\/it\/wp-json\/wp\/v2\/pages\/137","targetHints":{"allow":["GET"]}}],"collection":[{"href":"https:\/\/allombradelsughero.com\/it\/wp-json\/wp\/v2\/pages"}],"about":[{"href":"https:\/\/allombradelsughero.com\/it\/wp-json\/wp\/v2\/types\/page"}],"author":[{"embeddable":true,"href":"https:\/\/allombradelsughero.com\/it\/wp-json\/wp\/v2\/users\/1"}],"replies":[{"embeddable":true,"href":"https:\/\/allombradelsughero.com\/it\/wp-json\/wp\/v2\/comments?post=137"}],"version-history":[{"count":7,"href":"https:\/\/allombradelsughero.com\/it\/wp-json\/wp\/v2\/pages\/137\/revisions"}],"predecessor-version":[{"id":333,"href":"https:\/\/allombradelsughero.com\/it\/wp-json\/wp\/v2\/pages\/137\/revisions\/333"}],"wp:featuredmedia":[{"embeddable":true,"href":"https:\/\/allombradelsughero.com\/it\/wp-json\/wp\/v2\/media\/195"}],"wp:attachment":[{"href":"https:\/\/allombradelsughero.com\/it\/wp-json\/wp\/v2\/media?parent=137"}],"curies":[{"name":"wp","href":"https:\/\/api.w.org\/{rel}","templated":true}]}}